{"id":6784,"date":"2020-02-29T16:56:55","date_gmt":"2020-02-29T15:56:55","guid":{"rendered":"http:\/\/www.mocciaterracotte.it\/wp\/?page_id=63"},"modified":"2020-02-29T16:56:55","modified_gmt":"2020-02-29T15:56:55","slug":"modalita-di-pagamento","status":"publish","type":"page","link":"https:\/\/www.mocciaterracotte.it\/Store\/index.php\/modalita-di-pagamento\/","title":{"rendered":"Modalit\u00e0 di pagamento"},"content":{"rendered":"<p><!--vcv no format--><\/p>\n<p>Gli acquisti fatti sul sito\u00a0<strong><u>www.comicsfigurestore.it\/Store<\/u><\/strong>\u00a0possono essere effettuati in diversi modi:<\/p>\n<h4><strong>RICARICA POSTEPAY<\/strong><\/h4>\n<p>Una volta confermato l&#8217;ordine verr\u00e0 visualizzata la pagina con i dati della Carta PostePay da ricaricare. La ricarica pu\u00f2 essere fatta nei seguenti modi: <strong>&#8211;<\/strong> Per i Titolari di altra PostePay ricarica tramite l&#8217;area riservata sul sito <u>www.poste.it<\/u>; <strong>&#8211;<\/strong> Per tutti (anche non titolari di carta PostePay) ricarica presso un ufficio postale compilando l&#8217;apposito modulo. Il vantaggio della PostePay \u00e8 che non \u00e8 necessario inviare alcun FAX o allegato con la prova del pagamento poich\u00e9 la ricarica avviene in tempo reale e Comics &amp; Figures Store pu\u00f2 verificarla Online. Con il pagamento tramite ricarica Postepay, una volta effettuato l\u2019ordine, \u00e8 necessario seguire questa procedura: <strong>&#8211;<\/strong> il pagamento dovr\u00e0 avvenire entro 3 giorni lavorativi dall&#8217;effettuazione dell&#8217;ordine (pena l&#8217;annullamento dell&#8217;ordine stesso); <strong>&#8211;<\/strong> l\u2019importo da ricaricare deve corrispondere esattamente a quello dell\u2019ordine (se si effettuano arrotondamenti dovuti a versamenti su ATM automatici vanno comunicati) <strong>&#8211;<\/strong> \u00e8 necessaria una comunicazione via e-mail per confermare l\u2019avvenuta ricarica (risposta alla conferma d&#8217;ordine), questa dovr\u00e0 specificare l\u2019importo ricaricato, l\u2019ufficio postale da dove si \u00e8 effettuata (o se online), la data e l\u2019ora precisa visibili sul timbro rilasciato dall\u2019ufficio postale. \u00c8 opportuno conservare copia della ricevuta rilasciata dall&#8217;ufficio postale come certificazione di avvenuto pagamento.Gli estremi della carta postepay da ricaricare verranno comunicati nella procedura di check-out.<\/p>\n<h4><strong>PAYPAL E CARTE DI CREDITO<br \/><\/strong><\/h4>\n<p>Per chi utilizza le carte di credito, Comics &amp; Figures Store ha scelto il circuito di pagamento elettronico di Paypal e Credit Card (Stripe). Per garantire la massima sicurezza, la transazione di pagamento \u00e8 effettuata direttamente sul server sicuro di Paypal e sul sever sicuro di Credit Card (Stripe). Pertanto, i numeri delle carte di credito del cliente <strong>non vengono<\/strong> memorizzati sul sito di Comics &amp; Figures Store e i dati risiedono esclusivamente nel circuito di Paypal e Credit Card (Stripe). PayPal e Credit Card (Stripe) utilizzano il protocollo SSL per crittografare i dati trasmessi tra PayPal\/Credit Card (Stripe) e il tuo browser.<\/p>\n<h4>\u00a0<\/h4>\n<h4><strong>BONIFICO BANCARIO<\/strong><\/h4>\n<p align=\"justify\">Gli estremi del conto corrente verranno comunicati nella procedura di check-out.<\/p>\n<p align=\"justify\">La causale da riportare sul bonifico bancario dovr\u00e0 indicare l&#8217;articolo acquistato e l&#8217;eventuale numero d&#8217;ordine; la merce verr\u00e0 spedita solo al momento dell\u2019avvenuto accredito dell\u2019importo. Trascorsi 10 giorni naturali e consecutivi dalla effettiva disponibilit\u00e0 degli articoli richiesti, qualora non risultasse ancora avvenuto l\u2019accredito dell\u2019importo dell\u2019ordine, si riserva il diritto di annullare l\u2019ordine in questione.<\/p>\n<h4>\u00a0<\/h4>\n<h4><strong>FATTURAZIONE<\/strong><\/h4>\n<p>Per ogni ordine effettuato su www.comicsfigurestore.it\/Store, Comics &amp; Figures Store\u00a0<strong>emette fattura del materiale spedito<\/strong>, inviandola tramite e-mail all&#8217;intestatario dell&#8217;ordine, ai sensi dell&#8217;art 14 D.P.R. 445\/2000 e DL 52\/2004 e allegandola alla spedizione. Per l&#8217;emissione della fattura, fanno fede le informazioni fornite dal Cliente all&#8217;atto dell&#8217;ordine. Nessuna variazione in fattura sar\u00e0 possibile, dopo l&#8217;emissione della stessa. Le spese di consegna sono a carico del Cliente. Il pagamento della merce da parte del Cliente avverr\u00e0 utilizzando la modalit\u00e0 scelta all&#8217;atto dell&#8217;ordine. Nulla \u00e8 dovuto in pi\u00f9 dal Cliente rispetto al totale dell&#8217;ordine. Nessuna responsabilit\u00e0 pu\u00f2 essere imputata a Comics &amp; Figures Storein caso di ritardo nell&#8217;evasione dell&#8217;ordine o nella consegna di quanto ordinato. Nel caso di mancato ritiro entro 6 giorni lavorativi del materiale presente in giacenza presso i magazzini del corriere a causa di reiterata impossibilit\u00e0 di consegna al recapito indicato dal Cliente all&#8217;atto dell&#8217;ordine, l&#8217;ordine verr\u00e0 automaticamente annullato.<\/p>\n<p><!--vcv no format--><\/p>\n","protected":false},"excerpt":{"rendered":"<p>Gli acquisti fatti sul sito\u00a0www.comicsfigurestore.it\/Store\u00a0possono essere effettuati in diversi modi: RICARICA POSTEPAY Una volta confermato l&#8217;ordine verr\u00e0 visualizzata la pagina con i dati della Carta PostePay da ricaricare. La ricarica pu\u00f2 essere fatta nei seguenti modi: &#8211; Per i Titolari di altra PostePay ricarica tramite l&#8217;area riservata sul sito www.poste.it; &#8211; Per tutti (anche non [&hellip;]<\/p>\n","protected":false},"author":1,"featured_media":0,"parent":0,"menu_order":0,"comment_status":"closed","ping_status":"closed","template":"","meta":[],"yoast_head":"<!-- This site is optimized with the Yoast SEO plugin v21.8 - https:\/\/yoast.com\/wordpress\/plugins\/seo\/ -->\r\n<title>Modalit\u00e0 di pagamento - Fischietti di Terracotta Store<\/title>\r\n<meta name=\"robots\" content=\"index, follow, max-snippet:-1, max-image-preview:large, max-video-preview:-1\" \/>\r\n<link rel=\"canonical\" href=\"https:\/\/www.mocciaterracotte.it\/Store\/index.php\/modalita-di-pagamento\/\" \/>\r\n<meta property=\"og:locale\" content=\"it_IT\" \/>\r\n<meta property=\"og:type\" content=\"article\" \/>\r\n<meta property=\"og:title\" content=\"Modalit\u00e0 di pagamento - Fischietti di Terracotta Store\" \/>\r\n<meta property=\"og:description\" content=\"Gli acquisti fatti sul sito\u00a0www.comicsfigurestore.it\/Store\u00a0possono essere effettuati in diversi modi: RICARICA POSTEPAY Una volta confermato l&#8217;ordine verr\u00e0 visualizzata la pagina con i dati della Carta PostePay da ricaricare. La ricarica pu\u00f2 essere fatta nei seguenti modi: &#8211; Per i Titolari di altra PostePay ricarica tramite l&#8217;area riservata sul sito www.poste.it; &#8211; Per tutti (anche non [&hellip;]\" \/>\r\n<meta property=\"og:url\" content=\"https:\/\/www.mocciaterracotte.it\/Store\/index.php\/modalita-di-pagamento\/\" \/>\r\n<meta property=\"og:site_name\" content=\"Fischietti di Terracotta Store\" \/>\r\n<meta property=\"article:publisher\" content=\"https:\/\/www.facebook.com\/FischiettiInTerracottaMocciaPagliarulo\/\" \/>\r\n<meta name=\"twitter:card\" content=\"summary_large_image\" \/>\r\n<meta name=\"twitter:label1\" content=\"Tempo di lettura stimato\" \/>\n\t<meta name=\"twitter:data1\" content=\"3 minuti\" \/>\r\n<script type=\"application\/ld+json\" class=\"yoast-schema-graph\">{\"@context\":\"https:\/\/schema.org\",\"@graph\":[{\"@type\":\"WebPage\",\"@id\":\"https:\/\/www.mocciaterracotte.it\/Store\/index.php\/modalita-di-pagamento\/\",\"url\":\"https:\/\/www.mocciaterracotte.it\/Store\/index.php\/modalita-di-pagamento\/\",\"name\":\"Modalit\u00e0 di pagamento - Fischietti di Terracotta Store\",\"isPartOf\":{\"@id\":\"https:\/\/www.mocciaterracotte.it\/Store\/#website\"},\"datePublished\":\"2020-02-29T15:56:55+00:00\",\"dateModified\":\"2020-02-29T15:56:55+00:00\",\"breadcrumb\":{\"@id\":\"https:\/\/www.mocciaterracotte.it\/Store\/index.php\/modalita-di-pagamento\/#breadcrumb\"},\"inLanguage\":\"it-IT\",\"potentialAction\":[{\"@type\":\"ReadAction\",\"target\":[\"https:\/\/www.mocciaterracotte.it\/Store\/index.php\/modalita-di-pagamento\/\"]}]},{\"@type\":\"BreadcrumbList\",\"@id\":\"https:\/\/www.mocciaterracotte.it\/Store\/index.php\/modalita-di-pagamento\/#breadcrumb\",\"itemListElement\":[{\"@type\":\"ListItem\",\"position\":1,\"name\":\"Home\",\"item\":\"https:\/\/www.mocciaterracotte.it\/Store\/\"},{\"@type\":\"ListItem\",\"position\":2,\"name\":\"Modalit\u00e0 di pagamento\"}]},{\"@type\":\"WebSite\",\"@id\":\"https:\/\/www.mocciaterracotte.it\/Store\/#website\",\"url\":\"https:\/\/www.mocciaterracotte.it\/Store\/\",\"name\":\"Fischietti di Terracotta Store\",\"description\":\"\",\"publisher\":{\"@id\":\"https:\/\/www.mocciaterracotte.it\/Store\/#organization\"},\"potentialAction\":[{\"@type\":\"SearchAction\",\"target\":{\"@type\":\"EntryPoint\",\"urlTemplate\":\"https:\/\/www.mocciaterracotte.it\/Store\/?s={search_term_string}\"},\"query-input\":\"required name=search_term_string\"}],\"inLanguage\":\"it-IT\"},{\"@type\":\"Organization\",\"@id\":\"https:\/\/www.mocciaterracotte.it\/Store\/#organization\",\"name\":\"Fischietti di Terracotta Store\",\"url\":\"https:\/\/www.mocciaterracotte.it\/Store\/\",\"logo\":{\"@type\":\"ImageObject\",\"inLanguage\":\"it-IT\",\"@id\":\"https:\/\/www.mocciaterracotte.it\/Store\/#\/schema\/logo\/image\/\",\"url\":\"https:\/\/www.mocciaterracotte.it\/Store\/wp-content\/uploads\/2023\/07\/ffffffff-6.png\",\"contentUrl\":\"https:\/\/www.mocciaterracotte.it\/Store\/wp-content\/uploads\/2023\/07\/ffffffff-6.png\",\"width\":266,\"height\":120,\"caption\":\"Fischietti di Terracotta Store\"},\"image\":{\"@id\":\"https:\/\/www.mocciaterracotte.it\/Store\/#\/schema\/logo\/image\/\"},\"sameAs\":[\"https:\/\/www.facebook.com\/FischiettiInTerracottaMocciaPagliarulo\/\",\"https:\/\/www.instagram.com\/mocciaitalianart\/\"]}]}<\/script>\r\n<!-- \/ Yoast SEO plugin. -->","yoast_head_json":{"title":"Modalit\u00e0 di pagamento - Fischietti di Terracotta Store","robots":{"index":"index","follow":"follow","max-snippet":"max-snippet:-1","max-image-preview":"max-image-preview:large","max-video-preview":"max-video-preview:-1"},"canonical":"https:\/\/www.mocciaterracotte.it\/Store\/index.php\/modalita-di-pagamento\/","og_locale":"it_IT","og_type":"article","og_title":"Modalit\u00e0 di pagamento - Fischietti di Terracotta Store","og_description":"Gli acquisti fatti sul sito\u00a0www.comicsfigurestore.it\/Store\u00a0possono essere effettuati in diversi modi: RICARICA POSTEPAY Una volta confermato l&#8217;ordine verr\u00e0 visualizzata la pagina con i dati della Carta PostePay da ricaricare. La ricarica pu\u00f2 essere fatta nei seguenti modi: &#8211; Per i Titolari di altra PostePay ricarica tramite l&#8217;area riservata sul sito www.poste.it; &#8211; Per tutti (anche non [&hellip;]","og_url":"https:\/\/www.mocciaterracotte.it\/Store\/index.php\/modalita-di-pagamento\/","og_site_name":"Fischietti di Terracotta Store","article_publisher":"https:\/\/www.facebook.com\/FischiettiInTerracottaMocciaPagliarulo\/","twitter_card":"summary_large_image","twitter_misc":{"Tempo di lettura stimato":"3 minuti"},"schema":{"@context":"https:\/\/schema.org","@graph":[{"@type":"WebPage","@id":"https:\/\/www.mocciaterracotte.it\/Store\/index.php\/modalita-di-pagamento\/","url":"https:\/\/www.mocciaterracotte.it\/Store\/index.php\/modalita-di-pagamento\/","name":"Modalit\u00e0 di pagamento - Fischietti di Terracotta Store","isPartOf":{"@id":"https:\/\/www.mocciaterracotte.it\/Store\/#website"},"datePublished":"2020-02-29T15:56:55+00:00","dateModified":"2020-02-29T15:56:55+00:00","breadcrumb":{"@id":"https:\/\/www.mocciaterracotte.it\/Store\/index.php\/modalita-di-pagamento\/#breadcrumb"},"inLanguage":"it-IT","potentialAction":[{"@type":"ReadAction","target":["https:\/\/www.mocciaterracotte.it\/Store\/index.php\/modalita-di-pagamento\/"]}]},{"@type":"BreadcrumbList","@id":"https:\/\/www.mocciaterracotte.it\/Store\/index.php\/modalita-di-pagamento\/#breadcrumb","itemListElement":[{"@type":"ListItem","position":1,"name":"Home","item":"https:\/\/www.mocciaterracotte.it\/Store\/"},{"@type":"ListItem","position":2,"name":"Modalit\u00e0 di pagamento"}]},{"@type":"WebSite","@id":"https:\/\/www.mocciaterracotte.it\/Store\/#website","url":"https:\/\/www.mocciaterracotte.it\/Store\/","name":"Fischietti di Terracotta Store","description":"","publisher":{"@id":"https:\/\/www.mocciaterracotte.it\/Store\/#organization"},"potentialAction":[{"@type":"SearchAction","target":{"@type":"EntryPoint","urlTemplate":"https:\/\/www.mocciaterracotte.it\/Store\/?s={search_term_string}"},"query-input":"required name=search_term_string"}],"inLanguage":"it-IT"},{"@type":"Organization","@id":"https:\/\/www.mocciaterracotte.it\/Store\/#organization","name":"Fischietti di Terracotta Store","url":"https:\/\/www.mocciaterracotte.it\/Store\/","logo":{"@type":"ImageObject","inLanguage":"it-IT","@id":"https:\/\/www.mocciaterracotte.it\/Store\/#\/schema\/logo\/image\/","url":"https:\/\/www.mocciaterracotte.it\/Store\/wp-content\/uploads\/2023\/07\/ffffffff-6.png","contentUrl":"https:\/\/www.mocciaterracotte.it\/Store\/wp-content\/uploads\/2023\/07\/ffffffff-6.png","width":266,"height":120,"caption":"Fischietti di Terracotta Store"},"image":{"@id":"https:\/\/www.mocciaterracotte.it\/Store\/#\/schema\/logo\/image\/"},"sameAs":["https:\/\/www.facebook.com\/FischiettiInTerracottaMocciaPagliarulo\/","https:\/\/www.instagram.com\/mocciaitalianart\/"]}]}},"_links":{"self":[{"href":"https:\/\/www.mocciaterracotte.it\/Store\/index.php\/wp-json\/wp\/v2\/pages\/6784"}],"collection":[{"href":"https:\/\/www.mocciaterracotte.it\/Store\/index.php\/wp-json\/wp\/v2\/pages"}],"about":[{"href":"https:\/\/www.mocciaterracotte.it\/Store\/index.php\/wp-json\/wp\/v2\/types\/page"}],"author":[{"embeddable":true,"href":"https:\/\/www.mocciaterracotte.it\/Store\/index.php\/wp-json\/wp\/v2\/users\/1"}],"replies":[{"embeddable":true,"href":"https:\/\/www.mocciaterracotte.it\/Store\/index.php\/wp-json\/wp\/v2\/comments?post=6784"}],"version-history":[{"count":0,"href":"https:\/\/www.mocciaterracotte.it\/Store\/index.php\/wp-json\/wp\/v2\/pages\/6784\/revisions"}],"wp:attachment":[{"href":"https:\/\/www.mocciaterracotte.it\/Store\/index.php\/wp-json\/wp\/v2\/media?parent=6784"}],"curies":[{"name":"wp","href":"https:\/\/api.w.org\/{rel}","templated":true}]}}