{"id":6781,"date":"2020-02-29T16:56:55","date_gmt":"2020-02-29T15:56:55","guid":{"rendered":"http:\/\/www.mocciaterracotte.it\/wp\/?page_id=59"},"modified":"2024-06-06T13:25:17","modified_gmt":"2024-06-06T11:25:17","slug":"spedizioni","status":"publish","type":"page","link":"https:\/\/www.mocciaterracotte.it\/Store\/index.php\/spedizioni\/","title":{"rendered":"Spedizioni"},"content":{"rendered":"<h4><strong>DESCRIZIONE GENERALE DEL SERVIZIO<\/strong><\/h4>\n<p>Moccia Terracotte conferma l\u2019accettazione dell\u2019ordine con l\u2019invio di una e-mail automatica riepilogativa all\u2019indirizzo di posta elettronica indicato dal Cliente nell\u2019ordine stesso. Tuttavia, nonostante il nostro impegno, potrebbe capitare che, a causa di ritardi, improvvisa indisponibilit\u00e0 del prodotto presso i distributori, scioperi, calamit\u00e0 naturali i tempi di spedizione stimati sul nostro sito non siano rispettati. In questo caso verr\u00e0 inviata una mail con l\u2019indicazione dei tempi previsti per l\u2019arrivo di quanto mancante: il cliente in qualsiasi momento ha la facolt\u00e0 di cambiare o annullare l\u2019ordine. La spedizione al cliente verr\u00e0 effettuata quando tutti gli articoli saranno disponibili presso i nostri magazzini. Per tutti i prodotti consegnati <strong>Moccia Terracotte emette fattura<\/strong> con i dati forniti dal Cliente se richiesto. Moccia Terracotte prepara la merce contenuta nell\u2019ordine e l\u2019affida al Corriere con gli imballi originali del produttore o con scatole di cartone opportunamente chiuse con nastro e\/o con buste plastificate sigillate. I tempi di affidamento al Corriere variano in funzione della <u><strong>modalit\u00e0 di pagamento<\/strong><\/u> a scelta: <strong><br \/>\n&#8211; Pagamento Paypal o Carte di Credito<\/strong>: i prodotti vengono affidati al Corriere il giorno stesso o il giorno lavorativo successivo a quello dell&#8217;accettazione dell&#8217;ordine. <strong><br \/>\n&#8211; Bonifico Bancario:<\/strong> i prodotti vengono affidati al Corriere il giorno lavorativo successivo a quello della ricezione del pagamento dell&#8217;importo sul conto corrente indicato daComics &amp; Figure Store (in media 3\/5 Giorni Lavorativi dalla disposizione del pagamento da parte del Cliente). <strong><br \/>\n&#8211; Versamento su Ricarica Postepay:<\/strong> i prodotti vengono affidati al Corriere il giorno stesso o il giorno lavorativo successivo a quello della ricezione del pagamento dell&#8217;importo. La consegna viene effettuata di norma dal luned\u00ec al venerd\u00ec nell&#8217;arco dell\u2019intera giornata, non festivi (di seguito \u201cGiorno\/i Lavorativo\/i\u201d). Per Ore si intendono le ore comprese nei giorni Lavorativi. Comics &amp; Figure Store si avvale del seguente corriere: <strong>SDA.<\/strong><\/p>\n<h4><strong>TEMPI DI CONSEGNA E COSTI<\/strong><\/h4>\n<p>I tempi di consegna del Corriere al domicilio del Cliente elencati di seguito sono da considerarsi indicativi poich\u00e9 possono subire variazioni per cause di forza maggiore, per condizioni disagiate di traffico e viabilit\u00e0, per scioperi o per atto dell&#8217;Autorit\u00e0. <strong>SDA<\/strong> consegna solitamente in <strong>3\/5 giorni lavorativi<\/strong>. I costi di consegna vengono calcolati <strong>per tipologia di prodotto<\/strong> e per la <strong>spedizione gratuita<\/strong>. La consegna Standard \u00e8 effettuata nei Giorni Lavorativi dalle ore 08:00 alle ore 18:00. Questa tipologia prevede la consegna <strong>sul fronte strada<\/strong> per tutti i prodotti. Il Corriere effettua la prima consegna senza preavviso. In caso di assenza del Cliente il Corriere lascia un avviso di mancata consegna dentro la cassetta della posta, tramite il quale, entro i <u>3 giorni<\/u> successivi, \u00e8 possibile richiedere la riconsegna gratuita della spedizione via web, nella sezione \u00a0Dopo 3 giorni inizia un periodo di giacenza di <u>15 giorni<\/u> presso la filiale Bartolini pi\u00f9 vicina. Se al termine della giacenza non ci \u00e8 arrivata nessuna disposizione, il prodotto rientra nei magazzini di Moccia Terracotte con conseguente annullamento dell&#8217;ordine. Le spese di sosta o giacenza presso il corriere sono a carico di Moccia Terracotte per i primi 3 giorni oltre ai quali saranno a carico del cliente. Non viene effettuata la consegna al piano. Al momento della consegna della merce da parte del Corriere <strong>il Cliente \u00e8 tenuto a controllare:<\/strong><strong> &#8211; che il numero dei colli in consegna corrisponda a quanto indicato nel documento d\u2019accompagnamento del Corriere<\/strong> <strong>&#8211; che l&#8217;imballo risulti integro, non danneggiato, n\u00e9 bagnato o alterato.<\/strong> Una volta sottoscritto il documento di trasporto del Corriere il Cliente non potr\u00e0 pi\u00f9 opporre alcuna contestazione circa le caratteristiche esteriori di quanto consegnato.<\/p>\n<h4><strong>CONSULTAZIONE DELLA SPEDIZIONE<\/strong><\/h4>\n<p>Per verificare lo stato della spedizione del prodotto il Cliente pu\u00f2 consultare la sezione \u201c<u><strong>I miei ordini<\/strong><\/u>\u201d all\u2019interno del proprio <u><strong>Account<\/strong><\/u> cliccando sul numero d\u2019ordine e visualizzando il codice di spedizione che accompagna il pacco con il quale si pu\u00f2 rintracciare la spedizione sul rispettivo sito del corriere: <strong>SDA<\/strong>: \u00e8 possibile monitorare la spedizione attraverso \u201c<a href=\"https:\/\/www.sda.it\/wps\/portal\/Servizi_online\/ricerca_spedizioni?locale=it\"><u><strong>TRACKING<\/strong><\/u><\/a>\u201d.<\/p>\n<h4><strong>RECLAMI<\/strong><\/h4>\n<p>Ogni eventuale reclamo relativo alle consegne dei prodotti e alle loro caratteristiche al momento della consegna dovr\u00e0 essere segnalato a Moccia Terracotte online \u201c<u>Contatti<\/u>\u201d oppure attraverso il numero telefonico <u>3484132202<\/u>. <strong>Prodotti danneggiati o mancata corrispondenza dei colli:<\/strong> eventuali danni esteriori o la mancata corrispondenza del numero dei colli devono essere immediatamente contestati al Corriere, apponendo la dicitura &#8220;ritiro con riserva&#8221; sul documento d\u2019accompagnamento del Corriere e debbono essere altres\u00ec denunciati, <u>entro 8 giorni<\/u>, attraverso i mezzi di comunicazione sopra riportati. Lo smarrimento della merce da parte dello spedizioniere d\u00e0 diritto all&#8217;acquirente di ricevere una nuova spedizione nei tempi necessari per l&#8217;evasione della pratica. <strong>Ritardi di consegna:<\/strong> I reclami potranno essere inoltrati dal <u>6\u00b0 giorno<\/u> lavorativo successivo a quello della spedizione effettiva. I reclami dovranno contenere la descrizione del loro oggetto ed i motivi sui quali sono fondati. Comics &amp; Figure Store non si avvale per la composizione delle controversie degli organi di composizione extra-giudiziale previsti dall\u2019art. 19 del D.Lgs. 70\/2003; pertanto eventuali controversie saranno di competenza del Giudice ordinario.<\/p>\n<p><!--vcv no format--><\/p>\n","protected":false},"excerpt":{"rendered":"<p>DESCRIZIONE GENERALE DEL SERVIZIO Moccia Terracotte conferma l\u2019accettazione dell\u2019ordine con l\u2019invio di una e-mail automatica riepilogativa all\u2019indirizzo di posta elettronica indicato dal Cliente nell\u2019ordine stesso. Tuttavia, nonostante il nostro impegno, potrebbe capitare che, a causa di ritardi, improvvisa indisponibilit\u00e0 del prodotto presso i distributori, scioperi, calamit\u00e0 naturali i tempi di spedizione stimati sul nostro sito [&hellip;]<\/p>\n","protected":false},"author":1,"featured_media":0,"parent":0,"menu_order":0,"comment_status":"closed","ping_status":"closed","template":"","meta":[],"yoast_head":"<!-- This site is optimized with the Yoast SEO plugin v21.8 - https:\/\/yoast.com\/wordpress\/plugins\/seo\/ -->\r\n<title>Spedizioni - Fischietti di Terracotta Store<\/title>\r\n<meta name=\"robots\" content=\"index, follow, max-snippet:-1, max-image-preview:large, max-video-preview:-1\" \/>\r\n<link rel=\"canonical\" href=\"https:\/\/www.mocciaterracotte.it\/Store\/index.php\/spedizioni\/\" \/>\r\n<meta property=\"og:locale\" content=\"it_IT\" \/>\r\n<meta property=\"og:type\" content=\"article\" \/>\r\n<meta property=\"og:title\" content=\"Spedizioni - Fischietti di Terracotta Store\" \/>\r\n<meta property=\"og:description\" content=\"DESCRIZIONE GENERALE DEL SERVIZIO Moccia Terracotte conferma l\u2019accettazione dell\u2019ordine con l\u2019invio di una e-mail automatica riepilogativa all\u2019indirizzo di posta elettronica indicato dal Cliente nell\u2019ordine stesso. Tuttavia, nonostante il nostro impegno, potrebbe capitare che, a causa di ritardi, improvvisa indisponibilit\u00e0 del prodotto presso i distributori, scioperi, calamit\u00e0 naturali i tempi di spedizione stimati sul nostro sito [&hellip;]\" \/>\r\n<meta property=\"og:url\" content=\"https:\/\/www.mocciaterracotte.it\/Store\/index.php\/spedizioni\/\" \/>\r\n<meta property=\"og:site_name\" content=\"Fischietti di Terracotta Store\" \/>\r\n<meta property=\"article:publisher\" content=\"https:\/\/www.facebook.com\/FischiettiInTerracottaMocciaPagliarulo\/\" \/>\r\n<meta property=\"article:modified_time\" content=\"2024-06-06T11:25:17+00:00\" \/>\r\n<meta name=\"twitter:card\" content=\"summary_large_image\" \/>\r\n<meta name=\"twitter:label1\" content=\"Tempo di lettura stimato\" \/>\n\t<meta name=\"twitter:data1\" content=\"5 minuti\" \/>\r\n<script type=\"application\/ld+json\" class=\"yoast-schema-graph\">{\"@context\":\"https:\/\/schema.org\",\"@graph\":[{\"@type\":\"WebPage\",\"@id\":\"https:\/\/www.mocciaterracotte.it\/Store\/index.php\/spedizioni\/\",\"url\":\"https:\/\/www.mocciaterracotte.it\/Store\/index.php\/spedizioni\/\",\"name\":\"Spedizioni - Fischietti di Terracotta Store\",\"isPartOf\":{\"@id\":\"https:\/\/www.mocciaterracotte.it\/Store\/#website\"},\"datePublished\":\"2020-02-29T15:56:55+00:00\",\"dateModified\":\"2024-06-06T11:25:17+00:00\",\"breadcrumb\":{\"@id\":\"https:\/\/www.mocciaterracotte.it\/Store\/index.php\/spedizioni\/#breadcrumb\"},\"inLanguage\":\"it-IT\",\"potentialAction\":[{\"@type\":\"ReadAction\",\"target\":[\"https:\/\/www.mocciaterracotte.it\/Store\/index.php\/spedizioni\/\"]}]},{\"@type\":\"BreadcrumbList\",\"@id\":\"https:\/\/www.mocciaterracotte.it\/Store\/index.php\/spedizioni\/#breadcrumb\",\"itemListElement\":[{\"@type\":\"ListItem\",\"position\":1,\"name\":\"Home\",\"item\":\"https:\/\/www.mocciaterracotte.it\/Store\/\"},{\"@type\":\"ListItem\",\"position\":2,\"name\":\"Spedizioni\"}]},{\"@type\":\"WebSite\",\"@id\":\"https:\/\/www.mocciaterracotte.it\/Store\/#website\",\"url\":\"https:\/\/www.mocciaterracotte.it\/Store\/\",\"name\":\"Fischietti di Terracotta Store\",\"description\":\"\",\"publisher\":{\"@id\":\"https:\/\/www.mocciaterracotte.it\/Store\/#organization\"},\"potentialAction\":[{\"@type\":\"SearchAction\",\"target\":{\"@type\":\"EntryPoint\",\"urlTemplate\":\"https:\/\/www.mocciaterracotte.it\/Store\/?s={search_term_string}\"},\"query-input\":\"required name=search_term_string\"}],\"inLanguage\":\"it-IT\"},{\"@type\":\"Organization\",\"@id\":\"https:\/\/www.mocciaterracotte.it\/Store\/#organization\",\"name\":\"Fischietti di Terracotta Store\",\"url\":\"https:\/\/www.mocciaterracotte.it\/Store\/\",\"logo\":{\"@type\":\"ImageObject\",\"inLanguage\":\"it-IT\",\"@id\":\"https:\/\/www.mocciaterracotte.it\/Store\/#\/schema\/logo\/image\/\",\"url\":\"https:\/\/www.mocciaterracotte.it\/Store\/wp-content\/uploads\/2023\/07\/ffffffff-6.png\",\"contentUrl\":\"https:\/\/www.mocciaterracotte.it\/Store\/wp-content\/uploads\/2023\/07\/ffffffff-6.png\",\"width\":266,\"height\":120,\"caption\":\"Fischietti di Terracotta Store\"},\"image\":{\"@id\":\"https:\/\/www.mocciaterracotte.it\/Store\/#\/schema\/logo\/image\/\"},\"sameAs\":[\"https:\/\/www.facebook.com\/FischiettiInTerracottaMocciaPagliarulo\/\",\"https:\/\/www.instagram.com\/mocciaitalianart\/\"]}]}<\/script>\r\n<!-- \/ Yoast SEO plugin. -->","yoast_head_json":{"title":"Spedizioni - Fischietti di Terracotta Store","robots":{"index":"index","follow":"follow","max-snippet":"max-snippet:-1","max-image-preview":"max-image-preview:large","max-video-preview":"max-video-preview:-1"},"canonical":"https:\/\/www.mocciaterracotte.it\/Store\/index.php\/spedizioni\/","og_locale":"it_IT","og_type":"article","og_title":"Spedizioni - Fischietti di Terracotta Store","og_description":"DESCRIZIONE GENERALE DEL SERVIZIO Moccia Terracotte conferma l\u2019accettazione dell\u2019ordine con l\u2019invio di una e-mail automatica riepilogativa all\u2019indirizzo di posta elettronica indicato dal Cliente nell\u2019ordine stesso. Tuttavia, nonostante il nostro impegno, potrebbe capitare che, a causa di ritardi, improvvisa indisponibilit\u00e0 del prodotto presso i distributori, scioperi, calamit\u00e0 naturali i tempi di spedizione stimati sul nostro sito [&hellip;]","og_url":"https:\/\/www.mocciaterracotte.it\/Store\/index.php\/spedizioni\/","og_site_name":"Fischietti di Terracotta Store","article_publisher":"https:\/\/www.facebook.com\/FischiettiInTerracottaMocciaPagliarulo\/","article_modified_time":"2024-06-06T11:25:17+00:00","twitter_card":"summary_large_image","twitter_misc":{"Tempo di lettura stimato":"5 minuti"},"schema":{"@context":"https:\/\/schema.org","@graph":[{"@type":"WebPage","@id":"https:\/\/www.mocciaterracotte.it\/Store\/index.php\/spedizioni\/","url":"https:\/\/www.mocciaterracotte.it\/Store\/index.php\/spedizioni\/","name":"Spedizioni - Fischietti di Terracotta Store","isPartOf":{"@id":"https:\/\/www.mocciaterracotte.it\/Store\/#website"},"datePublished":"2020-02-29T15:56:55+00:00","dateModified":"2024-06-06T11:25:17+00:00","breadcrumb":{"@id":"https:\/\/www.mocciaterracotte.it\/Store\/index.php\/spedizioni\/#breadcrumb"},"inLanguage":"it-IT","potentialAction":[{"@type":"ReadAction","target":["https:\/\/www.mocciaterracotte.it\/Store\/index.php\/spedizioni\/"]}]},{"@type":"BreadcrumbList","@id":"https:\/\/www.mocciaterracotte.it\/Store\/index.php\/spedizioni\/#breadcrumb","itemListElement":[{"@type":"ListItem","position":1,"name":"Home","item":"https:\/\/www.mocciaterracotte.it\/Store\/"},{"@type":"ListItem","position":2,"name":"Spedizioni"}]},{"@type":"WebSite","@id":"https:\/\/www.mocciaterracotte.it\/Store\/#website","url":"https:\/\/www.mocciaterracotte.it\/Store\/","name":"Fischietti di Terracotta Store","description":"","publisher":{"@id":"https:\/\/www.mocciaterracotte.it\/Store\/#organization"},"potentialAction":[{"@type":"SearchAction","target":{"@type":"EntryPoint","urlTemplate":"https:\/\/www.mocciaterracotte.it\/Store\/?s={search_term_string}"},"query-input":"required name=search_term_string"}],"inLanguage":"it-IT"},{"@type":"Organization","@id":"https:\/\/www.mocciaterracotte.it\/Store\/#organization","name":"Fischietti di Terracotta Store","url":"https:\/\/www.mocciaterracotte.it\/Store\/","logo":{"@type":"ImageObject","inLanguage":"it-IT","@id":"https:\/\/www.mocciaterracotte.it\/Store\/#\/schema\/logo\/image\/","url":"https:\/\/www.mocciaterracotte.it\/Store\/wp-content\/uploads\/2023\/07\/ffffffff-6.png","contentUrl":"https:\/\/www.mocciaterracotte.it\/Store\/wp-content\/uploads\/2023\/07\/ffffffff-6.png","width":266,"height":120,"caption":"Fischietti di Terracotta Store"},"image":{"@id":"https:\/\/www.mocciaterracotte.it\/Store\/#\/schema\/logo\/image\/"},"sameAs":["https:\/\/www.facebook.com\/FischiettiInTerracottaMocciaPagliarulo\/","https:\/\/www.instagram.com\/mocciaitalianart\/"]}]}},"_links":{"self":[{"href":"https:\/\/www.mocciaterracotte.it\/Store\/index.php\/wp-json\/wp\/v2\/pages\/6781"}],"collection":[{"href":"https:\/\/www.mocciaterracotte.it\/Store\/index.php\/wp-json\/wp\/v2\/pages"}],"about":[{"href":"https:\/\/www.mocciaterracotte.it\/Store\/index.php\/wp-json\/wp\/v2\/types\/page"}],"author":[{"embeddable":true,"href":"https:\/\/www.mocciaterracotte.it\/Store\/index.php\/wp-json\/wp\/v2\/users\/1"}],"replies":[{"embeddable":true,"href":"https:\/\/www.mocciaterracotte.it\/Store\/index.php\/wp-json\/wp\/v2\/comments?post=6781"}],"version-history":[{"count":3,"href":"https:\/\/www.mocciaterracotte.it\/Store\/index.php\/wp-json\/wp\/v2\/pages\/6781\/revisions"}],"predecessor-version":[{"id":7067,"href":"https:\/\/www.mocciaterracotte.it\/Store\/index.php\/wp-json\/wp\/v2\/pages\/6781\/revisions\/7067"}],"wp:attachment":[{"href":"https:\/\/www.mocciaterracotte.it\/Store\/index.php\/wp-json\/wp\/v2\/media?parent=6781"}],"curies":[{"name":"wp","href":"https:\/\/api.w.org\/{rel}","templated":true}]}}